{"id":94,"date":"2017-10-30T15:16:21","date_gmt":"2017-10-30T14:16:21","guid":{"rendered":"https:\/\/audesaillard.com\/?page_id=94"},"modified":"2022-06-09T13:31:46","modified_gmt":"2022-06-09T12:31:46","slug":"accueil-1","status":"publish","type":"page","link":"https:\/\/audesaillard.com\/","title":{"rendered":"ACCUEIL"},"content":{"rendered":"<p>[vc_row full_width=&#8221;stretch_row&#8221; hide_bg_image_on_tablet=&#8221;&#8221; hide_bg_image_on_mobile=&#8221;&#8221; css=&#8221;.vc_custom_1641282903245{background-color: #ffffff !important;}&#8221;][vc_column icons_position=&#8221;left&#8221;]<div id=\"widget_slider_719327884\" class=\"widget_area sc_widget_slider vc_widget_slider wpb_content_element\"><aside id=\"widget_slider_719327884_widget\" class=\"widget widget_slider\">\t\t\t<div class=\"slider_wrap slider_engine_revo slider_alias_sliderhome2\">\r\n\t\t\t\t<div class=\"wp-block-themepunch-revslider 0\">\n\t\t\t<!-- START sliderhome2 REVOLUTION SLIDER 6.5.12 --><p class=\"rs-p-wp-fix\"><\/p>\n\t\t\t<rs-module-wrap id=\"rev_slider_2_1_wrapper\" data-source=\"gallery\" style=\"visibility:hidden;background:transparent;padding:0;margin:0px auto;margin-top:0;margin-bottom:0;\">\n\t\t\t\t<rs-module id=\"rev_slider_2_1\" style=\"\" data-version=\"6.5.12\">\n\t\t\t\t\t<rs-slides>\n\t\t\t\t\t\t<rs-slide style=\"position: absolute;\" data-key=\"rs-4\" data-title=\"Slide\" data-thumb=\"\/\/audesaillard.com\/wp-content\/uploads\/2022\/04\/On-aime-la-musique-scaled-100x50.jpg\" data-anim=\"f:nodelay;\" data-in=\"o:0;sx:0;sy:0;row:5;col:5;\" data-out=\"a:false;\">\n\t\t\t\t\t\t\t<img loading=\"lazy\" decoding=\"async\" src=\"\/\/audesaillard.com\/wp-content\/plugins\/revslider\/public\/assets\/assets\/dummy.png\" alt=\"\" title=\"Friends enjoying the music\" width=\"2560\" height=\"1363\" class=\"rev-slidebg tp-rs-img rs-lazyload\" data-lazyload=\"\/\/audesaillard.com\/wp-content\/uploads\/2022\/04\/On-aime-la-musique-scaled.jpg\" data-bg=\"p:center top;\" data-panzoom=\"d:5000;ss:100;se:110;\" data-no-retina>\n<!--\n\t\t\t\t\t\t\t--><rs-layer\n\t\t\t\t\t\t\t\tid=\"slider-2-slide-4-layer-1\" \n\t\t\t\t\t\t\t\tdata-type=\"text\"\n\t\t\t\t\t\t\t\tdata-color=\"#00acbd\"\n\t\t\t\t\t\t\t\tdata-rsp_ch=\"on\"\n\t\t\t\t\t\t\t\tdata-xy=\"x:c;y:m;yo:-267px,-227px,-170px,-106px;\"\n\t\t\t\t\t\t\t\tdata-text=\"s:50,42,31,19;l:40,34,25,15;a:center;\"\n\t\t\t\t\t\t\t\tdata-dim=\"w:604.78125px,515px,386px,241px;minh:0px,none,none,none;\"\n\t\t\t\t\t\t\t\tdata-frame_1=\"sR:10;\"\n\t\t\t\t\t\t\t\tdata-frame_999=\"o:0;st:w;sR:8690;\"\n\t\t\t\t\t\t\t\tstyle=\"z-index:5;font-family:'Pacifico';\"\n\t\t\t\t\t\t\t>Ensemble, redonnons de la vie <br>\navec la musique \n\t\t\t\t\t\t\t<\/rs-layer><!--\n\n\t\t\t\t\t\t\t--><rs-layer\n\t\t\t\t\t\t\t\tid=\"slider-2-slide-4-layer-6\" \n\t\t\t\t\t\t\t\tdata-type=\"text\"\n\t\t\t\t\t\t\t\tdata-color=\"#ff0074||#ff0074||#ffffff||#ffffff\"\n\t\t\t\t\t\t\t\tdata-rsp_ch=\"on\"\n\t\t\t\t\t\t\t\tdata-xy=\"x:c;y:m;yo:-213px,-213px,80px,50px;\"\n\t\t\t\t\t\t\t\tdata-text=\"w:nowrap,nowrap,normal,normal;s:18;l:22;a:center;\"\n\t\t\t\t\t\t\t\tdata-dim=\"w:auto,auto,90%,90%;\"\n\t\t\t\t\t\t\t\tdata-frame_1=\"sR:10;\"\n\t\t\t\t\t\t\t\tdata-frame_999=\"o:0;st:w;sR:8690;\"\n\t\t\t\t\t\t\t\tstyle=\"z-index:8;background-color:rgba(255,255,255,0.7);font-family:'Poppins';\"\n\t\t\t\t\t\t\t> \n\t\t\t\t\t\t\t<\/rs-layer><!--\n-->\t\t\t\t\t\t<\/rs-slide>\n\t\t\t\t\t\t<rs-slide style=\"position: absolute;\" data-key=\"rs-5\" data-title=\"Slide\" data-thumb=\"\/\/audesaillard.com\/wp-content\/uploads\/2022\/04\/mains-sur-instruments-de-musique-scaled-100x50.jpg\" data-anim=\"f:nodelay;\" data-in=\"o:0;sx:0;sy:0;row:5;col:5;\" data-out=\"a:false;\">\n\t\t\t\t\t\t\t<img loading=\"lazy\" decoding=\"async\" src=\"\/\/audesaillard.com\/wp-content\/plugins\/revslider\/public\/assets\/assets\/dummy.png\" alt=\"\" title=\"Des mains tiennent des instruments de musique\" width=\"2560\" height=\"985\" class=\"rev-slidebg tp-rs-img rs-lazyload\" data-lazyload=\"\/\/audesaillard.com\/wp-content\/uploads\/2022\/04\/mains-sur-instruments-de-musique-scaled.jpg\" data-bg=\"p:center top;\" data-panzoom=\"d:5000;ss:100;se:110;\" data-no-retina>\n<!--\n\t\t\t\t\t\t\t--><rs-layer\n\t\t\t\t\t\t\t\tid=\"slider-2-slide-5-layer-1\" \n\t\t\t\t\t\t\t\tdata-type=\"text\"\n\t\t\t\t\t\t\t\tdata-color=\"#00acbd\"\n\t\t\t\t\t\t\t\tdata-rsp_ch=\"on\"\n\t\t\t\t\t\t\t\tdata-xy=\"x:c;y:m;yo:-267px,-227px,-170px,-106px;\"\n\t\t\t\t\t\t\t\tdata-text=\"s:50,42,31,19;l:40,34,25,15;a:center;\"\n\t\t\t\t\t\t\t\tdata-dim=\"w:527.796875px,449px,336px,210px;h:49px,41px,30px,18px;minh:0px,none,none,none;\"\n\t\t\t\t\t\t\t\tdata-frame_999=\"o:0;st:w;sR:8700;\"\n\t\t\t\t\t\t\t\tstyle=\"z-index:5;font-family:'Pacifico';\"\n\t\t\t\t\t\t\t>La musique pour tous \n\t\t\t\t\t\t\t<\/rs-layer><!--\n\n\t\t\t\t\t\t\t--><rs-layer\n\t\t\t\t\t\t\t\tid=\"slider-2-slide-5-layer-6\" \n\t\t\t\t\t\t\t\tdata-type=\"text\"\n\t\t\t\t\t\t\t\tdata-color=\"#fc3c80||#fc3c80||#ffffff||#ffffff\"\n\t\t\t\t\t\t\t\tdata-rsp_ch=\"on\"\n\t\t\t\t\t\t\t\tdata-xy=\"x:c;y:m;yo:-83px,-83px,80px,50px;\"\n\t\t\t\t\t\t\t\tdata-text=\"w:nowrap,nowrap,normal,normal;s:18;l:22;ls:0px,0px,0px,0;a:center;\"\n\t\t\t\t\t\t\t\tdata-dim=\"w:auto,auto,90%,90%;\"\n\t\t\t\t\t\t\t\tdata-frame_999=\"o:0;st:w;sR:8700;\"\n\t\t\t\t\t\t\t\tstyle=\"z-index:8;background-color:rgba(255,255,255,0.7);font-family:'Poppins';\"\n\t\t\t\t\t\t\t> \n\t\t\t\t\t\t\t<\/rs-layer><!--\n-->\t\t\t\t\t\t<\/rs-slide>\n\t\t\t\t\t\t<rs-slide style=\"position: absolute;\" data-key=\"rs-6\" data-title=\"Slide\" data-thumb=\"\/\/audesaillard.com\/wp-content\/uploads\/2022\/04\/On-aime-la-musique-ensemble-scaled-100x50.jpg\" data-anim=\"f:nodelay;\" data-in=\"o:0;sx:0;sy:0;row:5;col:5;\" data-out=\"a:false;\">\n\t\t\t\t\t\t\t<img loading=\"lazy\" decoding=\"async\" src=\"\/\/audesaillard.com\/wp-content\/plugins\/revslider\/public\/assets\/assets\/dummy.png\" alt=\"\" title=\"People together enjoying music\" width=\"2560\" height=\"1476\" class=\"rev-slidebg tp-rs-img rs-lazyload\" data-lazyload=\"\/\/audesaillard.com\/wp-content\/uploads\/2022\/04\/On-aime-la-musique-ensemble-scaled.jpg\" data-bg=\"p:center top;\" data-panzoom=\"d:5000;ss:100;se:110;\" data-no-retina>\n<!--\n\t\t\t\t\t\t\t--><rs-layer\n\t\t\t\t\t\t\t\tid=\"slider-2-slide-6-layer-1\" \n\t\t\t\t\t\t\t\tdata-type=\"text\"\n\t\t\t\t\t\t\t\tdata-color=\"#00acbd\"\n\t\t\t\t\t\t\t\tdata-rsp_ch=\"on\"\n\t\t\t\t\t\t\t\tdata-xy=\"x:c;y:m;yo:-267px,-227px,-170px,-106px;\"\n\t\t\t\t\t\t\t\tdata-text=\"s:50,42,31,19;l:40,34,25,15;a:center;\"\n\t\t\t\t\t\t\t\tdata-dim=\"w:529.328125px,451px,338px,211px;h:61px,52px,39px,24px;minh:0px,none,none,none;\"\n\t\t\t\t\t\t\t\tdata-frame_999=\"o:0;st:w;sR:8700;\"\n\t\t\t\t\t\t\t\tstyle=\"z-index:5;font-family:'Pacifico';\"\n\t\t\t\t\t\t\t>La musique \u00e0 ma fa\u00e7on \n\t\t\t\t\t\t\t<\/rs-layer><!--\n\n\t\t\t\t\t\t\t--><rs-layer\n\t\t\t\t\t\t\t\tid=\"slider-2-slide-6-layer-6\" \n\t\t\t\t\t\t\t\tdata-type=\"text\"\n\t\t\t\t\t\t\t\tdata-color=\"#fc3c80||#fc3c80||#ffffff||#ffffff\"\n\t\t\t\t\t\t\t\tdata-rsp_ch=\"on\"\n\t\t\t\t\t\t\t\tdata-xy=\"x:c;y:m;yo:-138px,-138px,70px,50px;\"\n\t\t\t\t\t\t\t\tdata-text=\"w:nowrap,nowrap,normal,normal;s:18;l:22,22,22,22;ls:0px,0px,0px,0;a:center;\"\n\t\t\t\t\t\t\t\tdata-dim=\"w:auto,auto,90%,90%;\"\n\t\t\t\t\t\t\t\tdata-frame_999=\"o:0;st:w;sR:8700;\"\n\t\t\t\t\t\t\t\tstyle=\"z-index:8;background-color:rgba(255,255,255,0.7);font-family:'Poppins';\"\n\t\t\t\t\t\t\t> \n\t\t\t\t\t\t\t<\/rs-layer><!--\n-->\t\t\t\t\t\t<\/rs-slide>\n\t\t\t\t\t<\/rs-slides>\n\t\t\t\t<\/rs-module>\n\t\t\t\t<script>\n\t\t\t\t\tsetREVStartSize({c: 'rev_slider_2_1',rl:[1240,1024,778,480],el:[650,600,500,500],gw:[1200,1024,768,480],gh:[650,600,500,500],type:'standard',justify:'',layout:'fullwidth',mh:\"0\"});if (window.RS_MODULES!==undefined && window.RS_MODULES.modules!==undefined && window.RS_MODULES.modules[\"revslider21\"]!==undefined) {window.RS_MODULES.modules[\"revslider21\"].once = false;window.revapi2 = undefined;if (window.RS_MODULES.checkMinimal!==undefined) window.RS_MODULES.checkMinimal()}\n\t\t\t\t<\/script>\n\t\t\t<\/rs-module-wrap>\n\t\t\t<!-- END REVOLUTION SLIDER -->\n<\/div>\t\t\t<\/div>\r\n\t\t\t<\/aside><\/div>[vc_empty_space height=&#8221;300px&#8221; hide_on_desktop=&#8221;&#8221; hide_on_notebook=&#8221;&#8221; hide_on_tablet=&#8221;&#8221; hide_on_mobile=&#8221;&#8221;][\/vc_column][\/vc_row][vc_row full_width=&#8221;stretch_row&#8221; hide_bg_image_on_tablet=&#8221;&#8221; hide_bg_image_on_mobile=&#8221;1&#8243; row_delimiter=&#8221;&#8221; hide_on_desktop=&#8221;&#8221; hide_on_notebook=&#8221;&#8221; hide_on_tablet=&#8221;1&#8243; hide_on_mobile=&#8221;1&#8243; hide_on_frontpage=&#8221;&#8221; css=&#8221;.vc_custom_1652342086871{background-color: #ffffff !important;}&#8221;][vc_column fix_column=&#8221;&#8221; icons_position=&#8221;left&#8221; offset=&#8221;vc_hidden-xs&#8221;][vc_empty_space height=&#8221;63px&#8221; alter_height=&#8221;none&#8221; hide_on_desktop=&#8221;&#8221; hide_on_notebook=&#8221;1&#8243; hide_on_tablet=&#8221;1&#8243; hide_on_mobile=&#8221;1&#8243;][vc_empty_space height=&#8221;20px&#8221; alter_height=&#8221;none&#8221; hide_on_desktop=&#8221;1&#8243; hide_on_notebook=&#8221;&#8221; hide_on_tablet=&#8221;&#8221; hide_on_mobile=&#8221;1&#8243;][vc_empty_space height=&#8221;50px&#8221; alter_height=&#8221;none&#8221; hide_on_desktop=&#8221;1&#8243; hide_on_notebook=&#8221;1&#8243; hide_on_tablet=&#8221;1&#8243; hide_on_mobile=&#8221;&#8221;][\/vc_column][\/vc_row][vc_row full_width=&#8221;stretch_row&#8221; hide_bg_image_on_tablet=&#8221;&#8221; hide_bg_image_on_mobile=&#8221;1&#8243; row_delimiter=&#8221;&#8221; hide_on_desktop=&#8221;&#8221; hide_on_notebook=&#8221;&#8221; hide_on_tablet=&#8221;1&#8243; hide_on_mobile=&#8221;1&#8243; hide_on_frontpage=&#8221;&#8221; css=&#8221;.vc_custom_1652342107356{background-color: #ffffff !important;}&#8221;][vc_column fix_column=&#8221;&#8221; icons_position=&#8221;left&#8221; offset=&#8221;vc_hidden-xs&#8221;][vc_empty_space height=&#8221;63px&#8221; alter_height=&#8221;none&#8221; hide_on_desktop=&#8221;&#8221; hide_on_notebook=&#8221;&#8221; hide_on_tablet=&#8221;1&#8243; hide_on_mobile=&#8221;1&#8243;][vc_empty_space height=&#8221;20px&#8221; alter_height=&#8221;none&#8221; hide_on_desktop=&#8221;&#8221; hide_on_notebook=&#8221;&#8221; hide_on_tablet=&#8221;1&#8243; hide_on_mobile=&#8221;1&#8243;][vc_empty_space height=&#8221;50px&#8221; alter_height=&#8221;none&#8221; hide_on_desktop=&#8221;&#8221; hide_on_notebook=&#8221;&#8221; hide_on_tablet=&#8221;1&#8243; hide_on_mobile=&#8221;1&#8243;][\/vc_column][\/vc_row][vc_row full_width=&#8221;stretch_row&#8221; hide_bg_image_on_tablet=&#8221;&#8221; hide_bg_image_on_mobile=&#8221;&#8221; css=&#8221;.vc_custom_1509547851430{background-color: #ffffff !important;}&#8221;][vc_column icons_position=&#8221;left&#8221;][vc_empty_space height=&#8221;20px&#8221; alter_height=&#8221;none&#8221; hide_on_desktop=&#8221;1&#8243; hide_on_notebook=&#8221;1&#8243; hide_on_tablet=&#8221;1&#8243; hide_on_mobile=&#8221;&#8221;]<div id=\"sc_content_454965434\"\r\n\t\tclass=\"sc_content color_style_default sc_content_default sc_float_center sc_shift_y_small_negative  vc_custom_1582800749080\"><div class=\"sc_content_container\"><div  id=\"sc_promo_1593773481\" \r\n\tclass=\"sc_promo color_style_default sc_promo_default sc_promo_size_normal sc_promo_image_position_left\"><div class=\"sc_promo_image\" style=\"background-image:url(https:\/\/audesaillard.com\/wp-content\/uploads\/2022\/06\/Femme-joyeuse-a-l-ecoute-de-la-musique-au-casque-scaled.jpg);width:50%;left: 0;\"><\/div><div class=\"sc_promo_text\" style=\"width: 50%;float: right;\">\r\n\t\t\t<div class=\"sc_promo_text_inner sc_align_center sc_content_width_50%\" style=\"background-color:#f3f2f0;\"><div class=\"sc_promo_content sc_item_content\">[vc_empty_space height=&#8221;50px&#8221; alter_height=&#8221;none&#8221; hide_on_desktop=&#8221;&#8221; hide_on_notebook=&#8221;1&#8243; hide_on_tablet=&#8221;1&#8243; hide_on_mobile=&#8221;1&#8243;]<div id=\"sc_title_1789796136\"\r\n\t\tclass=\"sc_title color_style_default sc_title_default\"><h3 class=\"sc_item_title sc_title_title sc_align_left sc_item_title_style_default\">Quand les activit\u00e9s sont devenues impossibles<\/h3><h6 class=\"sc_item_subtitle sc_title_subtitle sc_align_left sc_item_title_style_default\">il reste la musique<\/h6><\/div><!-- \/.sc_title -->[vc_empty_space height=&#8221;35px&#8221; alter_height=&#8221;none&#8221; hide_on_desktop=&#8221;&#8221; hide_on_notebook=&#8221;&#8221; hide_on_tablet=&#8221;&#8221; hide_on_mobile=&#8221;&#8221;][vc_column_text]Lorsque la motricit\u00e9 devient tr\u00e8s limit\u00e9e, que la parole n&#8217;est plus possible, et quand les autres activit\u00e9s sont devenues inaccessibles&#8230; il reste la musique.<\/p>\n<p>Ma philosophie est que le handicap ou le vieillissement ne sont pas juste des fardeaux. Chaque individu poss\u00e8de des qualit\u00e9s, des connaissances et une exp\u00e9rience de vie qui lui est propre. Cette multitude de points de vue sur la vie est pour moi une v\u00e9ritable richesse et constitue ce que l&#8217;on nomme la diversit\u00e9. La musique peut se r\u00e9v\u00e9ler un trait-d&#8217;union avec tout un chacun, ind\u00e9pendamment de sa situation.<\/p>\n<p>Je d\u00e9sire fournir un soutien \u00e0 la personne, \u00e0 son corps,\u00a0son c\u0153ur,\u00a0et son esprit.[\/vc_column_text][vc_text_separator title=&#8221;&#8221; i_icon_fontawesome=&#8221;icon-003_chat&#8221; i_color=&#8221;custom&#8221; i_background_style=&#8221;boxed&#8221; i_background_color=&#8221;custom&#8221; el_width=&#8221;80&#8243; add_icon=&#8221;true&#8221; i_custom_color=&#8221;#ffffff&#8221; i_custom_background_color=&#8221;#00acbd&#8221;][vc_column_text css_animation=&#8221;bounceIn&#8221;]<\/p>\n<p style=\"text-align: center;\"><a href=\"mailto:contact@audesaillard.com\"><strong>contact@audesaillard.com<\/strong><\/a><\/p>\n<p>[\/vc_column_text][vc_empty_space height=&#8221;10px&#8221; alter_height=&#8221;none&#8221; hide_on_desktop=&#8221;&#8221; hide_on_notebook=&#8221;&#8221; hide_on_tablet=&#8221;&#8221; hide_on_mobile=&#8221;&#8221;]<\/div><\/div>\r\n\t\t<\/div><!-- \/.sc_promo_text --><\/div><!-- \/.sc_promo -->[vc_empty_space height=&#8221;34px&#8221; alter_height=&#8221;none&#8221; hide_on_desktop=&#8221;&#8221; hide_on_notebook=&#8221;&#8221; hide_on_tablet=&#8221;&#8221; hide_on_mobile=&#8221;&#8221;][vc_empty_space height=&#8221;34px&#8221; alter_height=&#8221;none&#8221; hide_on_desktop=&#8221;1&#8243; hide_on_notebook=&#8221;1&#8243; hide_on_tablet=&#8221;1&#8243; hide_on_mobile=&#8221;&#8221;]<\/div><\/div><!-- \/.sc_content -->[\/vc_column][\/vc_row][vc_row full_width=&#8221;stretch_row&#8221; hide_bg_image_on_tablet=&#8221;&#8221; hide_bg_image_on_mobile=&#8221;&#8221; css=&#8221;.vc_custom_1517940299285{background-color: #ffffff !important;}&#8221;][vc_column icons_position=&#8221;left&#8221;][vc_empty_space height=&#8221;20px&#8221; alter_height=&#8221;none&#8221; hide_on_desktop=&#8221;1&#8243; hide_on_notebook=&#8221;&#8221; hide_on_tablet=&#8221;&#8221; hide_on_mobile=&#8221;1&#8243;][\/vc_column][\/vc_row][vc_row full_width=&#8221;stretch_row&#8221; equal_height=&#8221;yes&#8221; content_placement=&#8221;middle&#8221; hide_bg_image_on_tablet=&#8221;&#8221; hide_bg_image_on_mobile=&#8221;&#8221; css=&#8221;.vc_custom_1518083820359{background-color: #ffffff !important;background-size: cover !important;}&#8221;][vc_column width=&#8221;5\/12&#8243; hide_bg_image_on_tablet=&#8221;&#8221; hide_bg_image_on_mobile=&#8221;&#8221; icons_position=&#8221;left&#8221; css=&#8221;.vc_custom_1517941264497{padding-right: 0px !important;padding-left: 0px !important;}&#8221;][vc_empty_space height=&#8221;53px&#8221; alter_height=&#8221;none&#8221; hide_on_desktop=&#8221;&#8221; hide_on_notebook=&#8221;1&#8243; hide_on_tablet=&#8221;1&#8243; hide_on_mobile=&#8221;1&#8243;]<div id=\"sc_title_1274522639\"\r\n\t\tclass=\"sc_title color_style_default sc_title_default\"><h2 class=\"sc_item_title sc_title_title sc_align_left sc_item_title_style_default sc_item_title_tag\">Des soins professionnels<\/h2><h6 class=\"sc_item_subtitle sc_title_subtitle sc_align_left sc_item_title_style_default\">en musique<\/h6><\/div><!-- \/.sc_title -->[vc_empty_space height=&#8221;18px&#8221; alter_height=&#8221;none&#8221; hide_on_desktop=&#8221;&#8221; hide_on_notebook=&#8221;&#8221; hide_on_tablet=&#8221;&#8221; hide_on_mobile=&#8221;&#8221;][vc_column_text el_class=&#8221;custom-counter&#8221;]<\/p>\n<ol>\n<li>\n<h5>Laisser place aux \u00e9motions<\/h5>\n<p>La personne accompagn\u00e9e \u00e9volue en confiance, laisse place \u00e0 ses ressentis et exprime ses \u00e9motions.<\/li>\n<li>\n<h5>Ext\u00e9rioriser son ressenti par le chant et par le mouvement<\/h5>\n<p>Le chant et la pratique d&#8217;instruments sont des outils privil\u00e9gi\u00e9s pour amener chacun \u00e0 s&#8217;exprimer, \u00e0 renouer avec son rythme et r\u00e9investir son corps.<\/li>\n<li>\n<h5>Partager un moment de plaisir musical<\/h5>\n<p>La personne b\u00e9n\u00e9ficie d&#8217;un cadre propice au plaisir de chanter et de jouer ensemble.<\/li>\n<\/ol>\n<p>[\/vc_column_text][\/vc_column][vc_column width=&#8221;1\/12&#8243; hide_bg_image_on_tablet=&#8221;&#8221; hide_bg_image_on_mobile=&#8221;&#8221; icons_position=&#8221;left&#8221; css=&#8221;.vc_custom_1517941244737{padding-right: 0px !important;padding-left: 0px !important;}&#8221;][\/vc_column][vc_column width=&#8221;1\/2&#8243; hide_bg_image_on_tablet=&#8221;&#8221; hide_bg_image_on_mobile=&#8221;1&#8243; icons_position=&#8221;left&#8221; css=&#8221;.vc_custom_1651321610333{padding-right: 0px !important;padding-left: 0px !important;background-image: url(https:\/\/audesaillard.com\/wp-content\/uploads\/2022\/04\/partition-fleurs-scaled.jpg?id=1235) !important;background-position: center !important;background-repeat: no-repeat !important;background-size: cover !important;}&#8221;][\/vc_column][\/vc_row][vc_row full_width=&#8221;stretch_row&#8221; hide_bg_image_on_tablet=&#8221;&#8221; hide_bg_image_on_mobile=&#8221;&#8221; css=&#8221;.vc_custom_1517940299285{background-color: #ffffff !important;}&#8221;][vc_column icons_position=&#8221;left&#8221;][vc_empty_space height=&#8221;50px&#8221; alter_height=&#8221;none&#8221; hide_on_desktop=&#8221;&#8221; hide_on_notebook=&#8221;&#8221; hide_on_tablet=&#8221;&#8221; hide_on_mobile=&#8221;&#8221;]<div class=\"sc_item_button sc_button_wrap sc_align_center\"><a href=\"https:\/\/audesaillard.com\/?page_id=96\" id=\"sc_button_139550776\" class=\"sc_button color_style_default sc_button_default sc_button_size_normal sc_button_icon_left\"><span class=\"sc_button_text sc_align_center\"><span class=\"sc_button_title\">ENTREZ<\/span><\/span><!-- \/.sc_button_text --><\/a><!-- \/.sc_button --><\/div><!-- \/.sc_item_button -->[\/vc_column][\/vc_row][vc_row full_width=&#8221;stretch_row&#8221; hide_bg_image_on_tablet=&#8221;&#8221; hide_bg_image_on_mobile=&#8221;&#8221; css=&#8221;.vc_custom_1517940310226{background-color: #ffffff !important;}&#8221;][vc_column icons_position=&#8221;left&#8221;][vc_empty_space height=&#8221;50px&#8221; alter_height=&#8221;none&#8221; hide_on_desktop=&#8221;1&#8243; hide_on_notebook=&#8221;1&#8243; hide_on_tablet=&#8221;1&#8243; hide_on_mobile=&#8221;&#8221;][vc_empty_space height=&#8221;80px&#8221; alter_height=&#8221;none&#8221; hide_on_desktop=&#8221;1&#8243; hide_on_notebook=&#8221;&#8221; hide_on_tablet=&#8221;&#8221; hide_on_mobile=&#8221;1&#8243;][\/vc_column][\/vc_row][vc_row][vc_column icons_position=&#8221;left&#8221;][vc_empty_space height=&#8221;110px&#8221; alter_height=&#8221;none&#8221; hide_on_desktop=&#8221;&#8221; hide_on_notebook=&#8221;1&#8243; hide_on_tablet=&#8221;1&#8243; hide_on_mobile=&#8221;1&#8243;][vc_empty_space height=&#8221;110px&#8221; alter_height=&#8221;none&#8221; hide_on_desktop=&#8221;&#8221; hide_on_notebook=&#8221;1&#8243; hide_on_tablet=&#8221;1&#8243; hide_on_mobile=&#8221;1&#8243;][vc_empty_space height=&#8221;110px&#8221; alter_height=&#8221;none&#8221; hide_on_desktop=&#8221;&#8221; hide_on_notebook=&#8221;1&#8243; hide_on_tablet=&#8221;1&#8243; hide_on_mobile=&#8221;1&#8243;][\/vc_column][\/vc_row][vc_row hide_bg_image_on_tablet=&#8221;&#8221; hide_bg_image_on_mobile=&#8221;&#8221; css=&#8221;.vc_custom_1582810094021{padding-right: 0px !important;padding-left: 0px !important;}&#8221;][vc_column hide_bg_image_on_tablet=&#8221;&#8221; hide_bg_image_on_mobile=&#8221;&#8221; icons_position=&#8221;left&#8221;][\/vc_column][\/vc_row]<\/p>\n","protected":false},"excerpt":{"rendered":"<p>[vc_row full_width=&#8221;stretch_row&#8221; hide_bg_image_on_tablet=&#8221;&#8221; hide_bg_image_on_mobile=&#8221;&#8221; css=&#8221;.vc_custom_1641282903245{background-color: #ffffff !important;}&#8221;][vc_column icons_position=&#8221;left&#8221;][vc_empty_space height=&#8221;300px&#8221; hide_on_desktop=&#8221;&#8221; hide_on_notebook=&#8221;&#8221; hide_on_tablet=&#8221;&#8221; hide_on_mobile=&#8221;&#8221;][\/vc_column][\/vc_row][vc_row full_width=&#8221;stretch_row&#8221; hide_bg_image_on_tablet=&#8221;&#8221; hide_bg_image_on_mobile=&#8221;1&#8243; row_delimiter=&#8221;&#8221; hide_on_desktop=&#8221;&#8221; hide_on_notebook=&#8221;&#8221; hide_on_tablet=&#8221;1&#8243; hide_on_mobile=&#8221;1&#8243; hide_on_frontpage=&#8221;&#8221; css=&#8221;.vc_custom_1652342086871{background-color: #ffffff !important;}&#8221;][vc_column fix_column=&#8221;&#8221; icons_position=&#8221;left&#8221; offset=&#8221;vc_hidden-xs&#8221;][vc_empty_space height=&#8221;63px&#8221; alter_height=&#8221;none&#8221; hide_on_desktop=&#8221;&#8221; hide_on_notebook=&#8221;1&#8243; hide_on_tablet=&#8221;1&#8243; hide_on_mobile=&#8221;1&#8243;][vc_empty_space height=&#8221;20px&#8221; alter_height=&#8221;none&#8221; hide_on_desktop=&#8221;1&#8243; hide_on_notebook=&#8221;&#8221; hide_on_tablet=&#8221;&#8221; hide_on_mobile=&#8221;1&#8243;][vc_empty_space&hellip;<\/p>\n","protected":false},"author":1,"featured_media":0,"parent":0,"menu_order":0,"comment_status":"closed","ping_status":"closed","template":"","meta":{"om_disable_all_campaigns":false,"_monsterinsights_skip_tracking":false,"_monsterinsights_sitenote_active":false,"_monsterinsights_sitenote_note":"","_monsterinsights_sitenote_category":0,"footnotes":""},"class_list":["post-94","page","type-page","status-publish","hentry"],"aioseo_notices":[],"_links":{"self":[{"href":"https:\/\/audesaillard.com\/index.php?rest_route=\/wp\/v2\/pages\/94","targetHints":{"allow":["GET"]}}],"collection":[{"href":"https:\/\/audesaillard.com\/index.php?rest_route=\/wp\/v2\/pages"}],"about":[{"href":"https:\/\/audesaillard.com\/index.php?rest_route=\/wp\/v2\/types\/page"}],"author":[{"embeddable":true,"href":"https:\/\/audesaillard.com\/index.php?rest_route=\/wp\/v2\/users\/1"}],"replies":[{"embeddable":true,"href":"https:\/\/audesaillard.com\/index.php?rest_route=%2Fwp%2Fv2%2Fcomments&post=94"}],"version-history":[{"count":120,"href":"https:\/\/audesaillard.com\/index.php?rest_route=\/wp\/v2\/pages\/94\/revisions"}],"predecessor-version":[{"id":1877,"href":"https:\/\/audesaillard.com\/index.php?rest_route=\/wp\/v2\/pages\/94\/revisions\/1877"}],"wp:attachment":[{"href":"https:\/\/audesaillard.com\/index.php?rest_route=%2Fwp%2Fv2%2Fmedia&parent=94"}],"curies":[{"name":"wp","href":"https:\/\/api.w.org\/{rel}","templated":true}]}}