{"id":242,"date":"2017-11-01T10:31:29","date_gmt":"2017-11-01T09:31:29","guid":{"rendered":"https:\/\/audesaillard.com\/?page_id=242"},"modified":"2022-08-05T14:08:41","modified_gmt":"2022-08-05T13:08:41","slug":"tarifs","status":"publish","type":"page","link":"https:\/\/audesaillard.com\/?page_id=242","title":{"rendered":"TARIFS"},"content":{"rendered":"<p>[vc_row][vc_column icons_position=&#8221;left&#8221;][vc_column_text]<\/p>\n<h2 style=\"text-align: center;\">Tarifs et conditions<\/h2>\n<div class=\"dummy\"><\/div>\n<p>[\/vc_column_text][\/vc_column][\/vc_row][vc_row hide_bg_image_on_tablet=&#8221;&#8221; hide_bg_image_on_mobile=&#8221;&#8221; row_type=&#8221;normal&#8221; row_delimiter=&#8221;&#8221; hide_on_desktop=&#8221;&#8221; hide_on_notebook=&#8221;&#8221; hide_on_tablet=&#8221;&#8221; hide_on_mobile=&#8221;&#8221; hide_on_frontpage=&#8221;&#8221; css=&#8221;.vc_custom_1652433420756{margin-top: -0.3em !important;}&#8221;][vc_column icons_position=&#8221;left&#8221;][vc_column_text]<\/p>\n<h6>Je me d\u00e9place\u00a0avec mes instruments <strong>sur demande<\/strong>\u00a0(cr\u00e8ches, \u00e9coles, institutions sp\u00e9cialis\u00e9es) et re\u00e7ois \u00e0 mon domicile.<\/h6>\n<h5>1. S\u00e9ance <strong>d&#8217;Eveil musical<\/strong>\u00a0:<\/h5>\n<h6><strong>&#8211; S\u00e9ance B\u00e9b\u00e9s<\/strong> de 0 \u00e0 18 mois et de 24 \u00e0 36 mois &#8211; par groupes de 6 enfants chacun accompagn\u00e9s d&#8217;un adulte (dur\u00e9e 45 min.) &#8211; Tarif : 14\u20ac par enfant \u00e0 la s\u00e9ance ou 100\u20ac par trimestre (7 s\u00e9ances). La participation active de l&#8217;adulte accompagnant b\u00e9b\u00e9 est requise.<\/h6>\n<h6><strong>&#8211; Atelier collectif Enfants<\/strong> \u00e0 partir de 3 ans par groupes de 8. (dur\u00e9e 1 h.) &#8211; Tarif : 140\u20ac par enfant par trimestre.<\/h6>\n<h5>2. S\u00e9ance <strong>musicale structur\u00e9e<\/strong> ou s\u00e9ance de <strong>relaxation musicale<\/strong> :<\/h5>\n<h6>Tarif : 60\u20ac \/heure (frais de d\u00e9placements au-del\u00e0 de 30 km en sus). Collectif : demander un devis.<\/h6>\n<h5>3. S\u00e9ance de\u00a0<strong>musicoth\u00e9rapie <\/strong>:<\/h5>\n<h6>Tarif : s\u00e9ance individuelle 60\u20ac\/heure (frais de d\u00e9placements au-del\u00e0 de 30 km en sus). Collectif : demander un devis.<\/h6>\n<ul>\n<li>\n<h6><strong>Individuellement<\/strong>, lorsque le patient ne peut quitter son \u00e9tablissement. La s\u00e9ance est effectu\u00e9e dans sa chambre d\u2019h\u00f4pital ou \u00e0 son domicile.<\/h6>\n<\/li>\n<li class=\"arrow_list\">\n<h6><strong>En groupe<\/strong>, sous forme d\u2019atelier.<\/h6>\n<\/li>\n<\/ul>\n<h6>\u00c0 noter, qu\u2019avant toute intervention, le th\u00e9rapeute r\u00e9alise un <strong>entretien<\/strong> avec son patient afin de d\u00e9terminer avec lui ses motivations et les objectifs de la th\u00e9rapie. Il est n\u00e9cessaire de d\u00e9terminer si le patient est r\u00e9ceptif \u00e0 la musique par le biais d&#8217;une <strong>anamn\u00e8se<\/strong>\u00a0et aussi de valider si l\u2019approche r\u00e9pond bien \u00e0 ses besoins avec le <strong>bilan psychomusical<\/strong>.<\/h6>\n<h6>La <strong>dur\u00e9e<\/strong> d\u2019une s\u00e9ance (le plus souvent comprise entre 1h et 2h) ainsi que le nombre de s\u00e9ances n\u00e9cessaires sont tr\u00e8s variables d\u2019un patient \u00e0 l\u2019autre et d\u00e9pendent de l\u2019activit\u00e9 pratiqu\u00e9e.<\/h6>\n<p>[\/vc_column_text][\/vc_column][\/vc_row][vc_row][vc_column icons_position=&#8221;left&#8221;][vc_separator][\/vc_column][\/vc_row][vc_row][vc_column icons_position=&#8221;left&#8221;][vc_column_text][\/vc_column_text][\/vc_column][\/vc_row][vc_row][vc_column icons_position=&#8221;left&#8221;][vc_column_text]<\/p>\n<blockquote><p>La musique est une loi morale, elle donne une \u00e2me \u00e0 nos c\u0153urs, des ailes \u00e0 la pens\u00e9e, un essor \u00e0 l&#8217;imagination. Elle est un charme \u00e0 la tristesse, \u00e0 la gaiet\u00e9, \u00e0 la vie, \u00e0 toute chose. Elle est l&#8217;essence du temps et s&#8217;\u00e9l\u00e8ve \u00e0 tout ce qui est de forme invisible, mais cependant \u00e9blouissant et passionn\u00e9ment \u00e9ternelle.<\/p>\n<p><cite>PLATON<\/cite><\/p><\/blockquote>\n<p>[\/vc_column_text][\/vc_column][\/vc_row][vc_row][vc_column width=&#8221;1\/2&#8243; icons_position=&#8221;left&#8221;][vc_column_text][\/vc_column_text][\/vc_column][vc_column width=&#8221;1\/2&#8243; icons_position=&#8221;left&#8221;][vc_column_text][\/vc_column_text][\/vc_column][\/vc_row][vc_row][vc_column icons_position=&#8221;left&#8221;][vc_column_text]<\/p>\n<h2><\/h2>\n<div class=\"dummy\"><\/div>\n<p>[\/vc_column_text][\/vc_column][\/vc_row][vc_row][vc_column width=&#8221;1\/2&#8243; icons_position=&#8221;left&#8221;][vc_column_text][\/vc_column_text][\/vc_column][vc_column width=&#8221;1\/2&#8243; icons_position=&#8221;left&#8221;][\/vc_column][\/vc_row]<\/p>\n","protected":false},"excerpt":{"rendered":"<p>[vc_row][vc_column icons_position=&#8221;left&#8221;][vc_column_text] Tarifs et conditions [\/vc_column_text][\/vc_column][\/vc_row][vc_row hide_bg_image_on_tablet=&#8221;&#8221; hide_bg_image_on_mobile=&#8221;&#8221; row_type=&#8221;normal&#8221; row_delimiter=&#8221;&#8221; hide_on_desktop=&#8221;&#8221; hide_on_notebook=&#8221;&#8221; hide_on_tablet=&#8221;&#8221; hide_on_mobile=&#8221;&#8221; hide_on_frontpage=&#8221;&#8221; css=&#8221;.vc_custom_1652433420756{margin-top: -0.3em !important;}&#8221;][vc_column icons_position=&#8221;left&#8221;][vc_column_text] Je me d\u00e9place\u00a0avec mes instruments sur demande\u00a0(cr\u00e8ches, \u00e9coles, institutions sp\u00e9cialis\u00e9es) et re\u00e7ois \u00e0 mon domicile. 1. S\u00e9ance d&#8217;Eveil musical\u00a0: &#8211; S\u00e9ance&hellip;<\/p>\n","protected":false},"author":1,"featured_media":0,"parent":0,"menu_order":0,"comment_status":"closed","ping_status":"closed","template":"","meta":{"om_disable_all_campaigns":false,"_monsterinsights_skip_tracking":false,"_monsterinsights_sitenote_active":false,"_monsterinsights_sitenote_note":"","_monsterinsights_sitenote_category":0,"footnotes":""},"class_list":["post-242","page","type-page","status-publish","hentry"],"aioseo_notices":[],"_links":{"self":[{"href":"https:\/\/audesaillard.com\/index.php?rest_route=\/wp\/v2\/pages\/242","targetHints":{"allow":["GET"]}}],"collection":[{"href":"https:\/\/audesaillard.com\/index.php?rest_route=\/wp\/v2\/pages"}],"about":[{"href":"https:\/\/audesaillard.com\/index.php?rest_route=\/wp\/v2\/types\/page"}],"author":[{"embeddable":true,"href":"https:\/\/audesaillard.com\/index.php?rest_route=\/wp\/v2\/users\/1"}],"replies":[{"embeddable":true,"href":"https:\/\/audesaillard.com\/index.php?rest_route=%2Fwp%2Fv2%2Fcomments&post=242"}],"version-history":[{"count":60,"href":"https:\/\/audesaillard.com\/index.php?rest_route=\/wp\/v2\/pages\/242\/revisions"}],"predecessor-version":[{"id":1902,"href":"https:\/\/audesaillard.com\/index.php?rest_route=\/wp\/v2\/pages\/242\/revisions\/1902"}],"wp:attachment":[{"href":"https:\/\/audesaillard.com\/index.php?rest_route=%2Fwp%2Fv2%2Fmedia&parent=242"}],"curies":[{"name":"wp","href":"https:\/\/api.w.org\/{rel}","templated":true}]}}