{"id":240,"date":"2017-11-01T10:30:59","date_gmt":"2017-11-01T10:30:59","guid":{"rendered":"https:\/\/audesaillard.com\/?page_id=240"},"modified":"2023-10-14T18:32:43","modified_gmt":"2023-10-14T17:32:43","slug":"shortcodes","status":"publish","type":"page","link":"https:\/\/audesaillard.com\/?page_id=240","title":{"rendered":"RESSOURCES"},"content":{"rendered":"<p>[vc_row hide_bg_image_on_tablet=&#8221;&#8221; hide_bg_image_on_mobile=&#8221;&#8221;][vc_column icons_position=&#8221;left&#8221;][vc_column_text]<\/p>\n<h2 style=\"text-align: center;\">Partenariat<\/h2>\n<div class=\"dummy\"><\/div>\n<p>[\/vc_column_text][vc_single_image image=&#8221;1919&#8243; img_size=&#8221;medium&#8221; alignment=&#8221;center&#8221;][vc_column_text]<\/p>\n<div class=\"et_pb_module et_pb_text et_pb_text_0 et_pb_text_align_center et_pb_bg_layout_dark\">\n<div class=\"et_pb_text_inner\">\n<h5 style=\"text-align: center;\">L\u2019association de la musique et de la parole pour vous aider \u00e0 trouver votre voix<\/h5>\n<\/div>\n<\/div>\n<div class=\"et_pb_module et_pb_text et_pb_text_1 et_pb_text_align_left et_pb_bg_layout_light\">\n<div class=\"et_pb_text_inner\">\n<p>AudeIsa est n\u00e9 d&#8217;un partenariat avec une th\u00e9rapeute et coach, Isabelle Cogotti. Nous avons d\u00e9cid\u00e9 d\u2019unir nos talents et nos exp\u00e9riences afin de vous faire vivre un moment unique qui aligne votre musicalit\u00e9 int\u00e9rieure \u00e0 la musique de votre environnement.<\/p>\n<p>Nous proposons des ateliers cr\u00e9atifs collectifs.<\/p>\n<\/div>\n<\/div>\n<p>[\/vc_column_text][vc_btn title=&#8221;Lien sur notre site&#8221; color=&#8221;orange&#8221; size=&#8221;lg&#8221; align=&#8221;center&#8221; link=&#8221;url:https%3A%2F%2Fwww.isabellecogotti.ch%2Fpartenariat-audeisa%2F|title:AudeIsa|target:_blank&#8221;][\/vc_column][\/vc_row][vc_row][vc_column icons_position=&#8221;left&#8221;][vc_separator][\/vc_column][\/vc_row][vc_row][vc_column width=&#8221;1\/2&#8243; icons_position=&#8221;left&#8221;][vc_column_text]<\/p>\n<h2>Vid\u00e9o (\u00e0 venir)<\/h2>\n<div class=\"dummy\"><\/div>\n<p>[\/vc_column_text]<div id=\"widget_video_1835007593\" class=\"widget_area sc_widget_video vc_widget_video wpb_content_element\"><aside id=\"widget_video_1835007593_widget\" class=\"widget widget_video\"><div id=\"sc_video_2093648688\" class=\"trx_addons_video_player with_cover hover_play\"><img loading=\"lazy\" decoding=\"async\" src=\"https:\/\/audesaillard.com\/wp-content\/uploads\/2022\/05\/notes-de-musique-1170x658.jpg\" alt=\"\" width=\"1170\" height=\"658\"><div class=\"video_mask\"><\/div><div class=\"video_hover\" data-video=\"&lt;a href=&quot;https:\/\/www.dropbox.com\/s\/uqbbp4itw0zn2zd\/Eveil%20musical%20enfants%20-%20SD%20480%C2%A0p.mov?dl=0&quot;&gt;https:\/\/www.dropbox.com\/s\/uqbbp4itw0zn2zd\/Eveil%20musical%20enfants%20-%20SD%20480%C2%A0p.mov?dl=0&lt;\/a&gt;\"><\/div><div class=\"video_embed video_frame\"><\/div><\/div><\/aside><\/div>[vc_empty_space height=&#8221;50px&#8221; alter_height=&#8221;none&#8221; hide_on_desktop=&#8221;1&#8243; hide_on_notebook=&#8221;1&#8243; hide_on_tablet=&#8221;1&#8243; hide_on_mobile=&#8221;&#8221;][\/vc_column][vc_column width=&#8221;1\/2&#8243; icons_position=&#8221;left&#8221;][vc_column_text]<\/p>\n<h2>Gallerie<\/h2>\n<div class=\"dummy\"><\/div>\n<p>[\/vc_column_text]<div id=\"widget_slider_557408957\" class=\"widget_area sc_widget_slider vc_widget_slider wpb_content_element\"><aside id=\"widget_slider_557408957_widget\" class=\"widget widget_slider\">\t\t\t<div class=\"slider_wrap slider_engine_swiper\">\r\n\t\t\t\t<div id=\"widget_slider_557408957_outer\" class=\"slider_outer slider_swiper_outer slider_style_default slider_outer_direction_horizontal slider_outer_one slider_outer_pagination slider_outer_pagination_bullets slider_outer_pagination_pos_bottom slider_outer_nocontrols slider_outer_notitles\"><div id=\"widget_slider_557408957_swiper\" class=\"slider_container slider_swiper swiper-slider-container slider_nocontrols slider_notitles slider_resize slider_height_auto slider_direction_horizontal slider_pagination slider_pagination_bullets slider_pagination_pos_bottom slider_one slider_type_bg\" data-ratio=\"624:374\" data-interval=\"7000\" data-effect=\"slide\" data-pagination=\"bullets\" data-direction=\"horizontal\" data-slides-per-view=\"1\" data-slides-space=\"0\"><div class=\"slider-wrapper swiper-wrapper\"><div  class=\"slider-slide swiper-slide\" data-image=\"https:\/\/audesaillard.com\/wp-content\/uploads\/2022\/05\/Femme-senior-souriante-mains-croisees-ecoutant-musique-scaled.jpg\" style=\"background-image:url(https:\/\/audesaillard.com\/wp-content\/uploads\/2022\/05\/Femme-senior-souriante-mains-croisees-ecoutant-musique-scaled.jpg);\"><\/div><div  class=\"slider-slide swiper-slide\" data-image=\"https:\/\/audesaillard.com\/wp-content\/uploads\/2022\/05\/enfant-trisomique-jouant-du-piano-scaled.jpg\" style=\"background-image:url(https:\/\/audesaillard.com\/wp-content\/uploads\/2022\/05\/enfant-trisomique-jouant-du-piano-scaled.jpg);\"><\/div><div  class=\"slider-slide swiper-slide\" data-image=\"https:\/\/audesaillard.com\/wp-content\/uploads\/2022\/04\/djembes-scaled.jpg\" style=\"background-image:url(https:\/\/audesaillard.com\/wp-content\/uploads\/2022\/04\/djembes-scaled.jpg);\"><\/div><div  class=\"slider-slide swiper-slide\" data-image=\"https:\/\/audesaillard.com\/wp-content\/uploads\/2022\/04\/Clarinette.jpg\" style=\"background-image:url(https:\/\/audesaillard.com\/wp-content\/uploads\/2022\/04\/Clarinette.jpg);\"><\/div><div  class=\"slider-slide swiper-slide\" data-image=\"https:\/\/audesaillard.com\/wp-content\/uploads\/2022\/07\/Eveil-musical-enfants-scaled.jpg\" style=\"background-image:url(https:\/\/audesaillard.com\/wp-content\/uploads\/2022\/07\/Eveil-musical-enfants-scaled.jpg);\"><\/div><\/div><!-- \/.slider-wrapper --><div class=\"slider_pagination_wrap swiper-pagination\"><\/div><\/div><!-- \/.slider_container --><\/div><!-- \/.slider_outer -->\t\t\t<\/div>\r\n\t\t\t<\/aside><\/div>[\/vc_column][\/vc_row][vc_row][vc_column icons_position=&#8221;left&#8221;][vc_separator][\/vc_column][\/vc_row][vc_row][vc_column icons_position=&#8221;left&#8221; offset=&#8221;vc_col-md-6&#8243;][vc_column_text]<\/p>\n<h2>Audio<\/h2>\n<div class=\"dummy\"><\/div>\n<p>[\/vc_column_text][vc_empty_space height=&#8221;4px&#8221; alter_height=&#8221;none&#8221; hide_on_desktop=&#8221;&#8221; hide_on_notebook=&#8221;&#8221; hide_on_tablet=&#8221;&#8221; hide_on_mobile=&#8221;&#8221;]<div id=\"widget_audio_414064247\" class=\"widget_area sc_widget_audio scheme_default vc_widget_audio wpb_content_element\"><aside id=\"widget_audio_414064247_widget\" class=\"widget widget_audio\"><div class=\"trx_addons_audio_player without_cover\">\t\t<div class=\"audio_info\">\r\n\t\t\t\t\t\t\t\t\t\t<h5 class=\"audio_caption\">Musique de relaxation<\/h5>\r\n\t\t\t\t\t<\/div>\r\n\t\t<div class=\"audio_frame audio_local\"><audio class=\"wp-audio-shortcode\" id=\"audio-240-1\" preload=\"none\" style=\"width: 100%;\" controls=\"controls\"><source type=\"audio\/mpeg\" src=\"https:\/\/audesaillard.com\/wp-content\/uploads\/2022\/04\/432Hz-Beautiful-Healing-Meditation.mp3?_=1\" \/><a href=\"https:\/\/audesaillard.com\/wp-content\/uploads\/2022\/04\/432Hz-Beautiful-Healing-Meditation.mp3\">https:\/\/audesaillard.com\/wp-content\/uploads\/2022\/04\/432Hz-Beautiful-Healing-Meditation.mp3<\/a><\/audio><\/div><\/div><\/aside><\/div>[vc_empty_space height=&#8221;30px&#8221; alter_height=&#8221;none&#8221; hide_on_desktop=&#8221;1&#8243; hide_on_notebook=&#8221;1&#8243; hide_on_tablet=&#8221;&#8221; hide_on_mobile=&#8221;&#8221;][\/vc_column][vc_column icons_position=&#8221;left&#8221; offset=&#8221;vc_col-md-6&#8243;][vc_empty_space height=&#8221;8px&#8221; alter_height=&#8221;none&#8221; hide_on_desktop=&#8221;&#8221; hide_on_notebook=&#8221;&#8221; hide_on_tablet=&#8221;&#8221; hide_on_mobile=&#8221;&#8221;][\/vc_column][\/vc_row][vc_row][vc_column icons_position=&#8221;left&#8221;][vc_separator][\/vc_column][\/vc_row][vc_row hide_bg_image_on_tablet=&#8221;&#8221; hide_bg_image_on_mobile=&#8221;&#8221;][vc_column icons_position=&#8221;left&#8221;][vc_column_text]<\/p>\n<h2 style=\"text-align: center;\">T\u00e9moignages<\/h2>\n<div class=\"dummy\"><\/div>\n<p>[\/vc_column_text][\/vc_column][\/vc_row][vc_row scheme=&#8221;dark&#8221; extra_bg_mask=&#8221;5&#8243; hide_bg_image_on_tablet=&#8221;&#8221; hide_bg_image_on_mobile=&#8221;&#8221; row_delimiter=&#8221;&#8221; hide_on_desktop=&#8221;&#8221; hide_on_notebook=&#8221;&#8221; hide_on_tablet=&#8221;&#8221; hide_on_mobile=&#8221;&#8221; hide_on_frontpage=&#8221;&#8221; css=&#8221;.vc_custom_1518424195945{margin-right: 0px !important;margin-left: 0px !important;background: #313131 url(https:\/\/audesaillard.com\/wp-content\/uploads\/2017\/11\/bg-15-copyright.jpg?id=314) !important;background-position: top center !important;background-repeat: no-repeat !important;background-size: cover !important;}&#8221;][vc_column width=&#8221;1\/4&#8243; icons_position=&#8221;left&#8221;][\/vc_column][vc_column width=&#8221;1\/2&#8243; icons_position=&#8221;left&#8221;][vc_empty_space height=&#8221;120px&#8221; alter_height=&#8221;none&#8221; hide_on_desktop=&#8221;&#8221; hide_on_notebook=&#8221;&#8221; hide_on_tablet=&#8221;&#8221; hide_on_mobile=&#8221;&#8221;][vc_empty_space height=&#8221;50px&#8221; alter_height=&#8221;none&#8221; hide_on_desktop=&#8221;&#8221; hide_on_notebook=&#8221;&#8221; hide_on_tablet=&#8221;&#8221; hide_on_mobile=&#8221;&#8221;][\/vc_column][vc_column width=&#8221;1\/4&#8243; icons_position=&#8221;left&#8221;][\/vc_column][\/vc_row]<\/p>\n","protected":false},"excerpt":{"rendered":"<p>[vc_row hide_bg_image_on_tablet=&#8221;&#8221; hide_bg_image_on_mobile=&#8221;&#8221;][vc_column icons_position=&#8221;left&#8221;][vc_column_text] Partenariat [\/vc_column_text][vc_single_image image=&#8221;1919&#8243; img_size=&#8221;medium&#8221; alignment=&#8221;center&#8221;][vc_column_text] L\u2019association de la musique et de la parole pour vous aider \u00e0 trouver votre voix AudeIsa est n\u00e9 d&#8217;un partenariat avec une th\u00e9rapeute et coach, Isabelle Cogotti. Nous avons d\u00e9cid\u00e9 d\u2019unir&hellip;<\/p>\n","protected":false},"author":1,"featured_media":0,"parent":0,"menu_order":0,"comment_status":"closed","ping_status":"closed","template":"","meta":{"om_disable_all_campaigns":false,"_monsterinsights_skip_tracking":false,"_monsterinsights_sitenote_active":false,"_monsterinsights_sitenote_note":"","_monsterinsights_sitenote_category":0,"footnotes":""},"class_list":["post-240","page","type-page","status-publish","hentry"],"aioseo_notices":[],"_links":{"self":[{"href":"https:\/\/audesaillard.com\/index.php?rest_route=\/wp\/v2\/pages\/240","targetHints":{"allow":["GET"]}}],"collection":[{"href":"https:\/\/audesaillard.com\/index.php?rest_route=\/wp\/v2\/pages"}],"about":[{"href":"https:\/\/audesaillard.com\/index.php?rest_route=\/wp\/v2\/types\/page"}],"author":[{"embeddable":true,"href":"https:\/\/audesaillard.com\/index.php?rest_route=\/wp\/v2\/users\/1"}],"replies":[{"embeddable":true,"href":"https:\/\/audesaillard.com\/index.php?rest_route=%2Fwp%2Fv2%2Fcomments&post=240"}],"version-history":[{"count":48,"href":"https:\/\/audesaillard.com\/index.php?rest_route=\/wp\/v2\/pages\/240\/revisions"}],"predecessor-version":[{"id":1922,"href":"https:\/\/audesaillard.com\/index.php?rest_route=\/wp\/v2\/pages\/240\/revisions\/1922"}],"wp:attachment":[{"href":"https:\/\/audesaillard.com\/index.php?rest_route=%2Fwp%2Fv2%2Fmedia&parent=240"}],"curies":[{"name":"wp","href":"https:\/\/api.w.org\/{rel}","templated":true}]}}