{"id":102,"date":"2017-10-30T15:20:16","date_gmt":"2017-10-30T14:20:16","guid":{"rendered":"https:\/\/audesaillard.com\/?page_id=102"},"modified":"2022-08-05T13:00:30","modified_gmt":"2022-08-05T12:00:30","slug":"presentation","status":"publish","type":"page","link":"https:\/\/audesaillard.com\/?page_id=102","title":{"rendered":"PR\u00c9SENTATION"},"content":{"rendered":"<p>[vc_row][vc_column icons_position=&#8221;left&#8221;]<div id=\"sc_content_1804046461\"\r\n\t\tclass=\"sc_content color_style_default sc_content_default sc_content_width_100p sc_float_center sc_shift_y_small_negative  vc_custom_1517839255167\"><div class=\"sc_content_container\">[vc_empty_space height=&#8221;120px&#8221; alter_height=&#8221;none&#8221; hide_on_desktop=&#8221;&#8221; hide_on_notebook=&#8221;1&#8243; hide_on_tablet=&#8221;1&#8243; hide_on_mobile=&#8221;1&#8243;][vc_empty_space height=&#8221;80px&#8221; alter_height=&#8221;none&#8221; hide_on_desktop=&#8221;1&#8243; hide_on_notebook=&#8221;&#8221; hide_on_tablet=&#8221;&#8221; hide_on_mobile=&#8221;1&#8243;][vc_empty_space height=&#8221;50px&#8221; alter_height=&#8221;none&#8221; hide_on_desktop=&#8221;1&#8243; hide_on_notebook=&#8221;1&#8243; hide_on_tablet=&#8221;1&#8243; hide_on_mobile=&#8221;&#8221;]<div id=\"sc_title_538205178\"\r\n\t\tclass=\"sc_title color_style_default sc_title_default\"><h3 class=\"sc_item_title sc_title_title sc_align_center sc_item_title_style_default\">Pr\u00e9sentation<\/h3><h6 class=\"sc_item_subtitle sc_title_subtitle sc_align_center sc_item_title_style_default\">En quelques mots<\/h6><\/div><!-- \/.sc_title -->[vc_empty_space height=&#8221;36px&#8221; alter_height=&#8221;none&#8221; hide_on_desktop=&#8221;&#8221; hide_on_notebook=&#8221;&#8221; hide_on_tablet=&#8221;&#8221; hide_on_mobile=&#8221;&#8221;][vc_row_inner][vc_column_inner icons_position=&#8221;left&#8221;]<div  id=\"sc_promo_685632382\" \r\n\tclass=\"sc_promo color_style_default sc_promo_default sc_promo_size_small sc_promo_image_fit sc_promo_image_position_left\"><div class=\"sc_promo_image\" style=\"background-image:url(https:\/\/audesaillard.com\/wp-content\/uploads\/2022\/05\/IMG_5055.jpg);width:45%;left: 0;\"><\/div><div class=\"sc_promo_text\" style=\"width: 55%;float: right;\">\r\n\t\t\t<div class=\"sc_promo_text_inner sc_content_width_55%\" style=\" margin:40px;\"><h4 class=\"sc_item_title sc_promo_title sc_align_left sc_item_title_style_default sc_item_title_tag\">De la musique \u00e0 la musicoth\u00e9rapie<\/h4><div class=\"sc_promo_content sc_item_content\">[vc_column_text]Je baigne dans la musique tr\u00e8s t\u00f4t en entamant le conservatoire \u00e0 7 ans et l\u2019\u00e9tude de la clarinette \u00e0 8 ans.<\/p>\n<p>Arriv\u00e9e \u00e0 l\u2019adolescence, je me rends compte que cette approche de la musique est devenue trop acad\u00e9mique pour moi et je d\u00e9laisse le conservatoire pour jouer en orchestre d\u2019harmonie et continue l\u2019\u00e9tude de ce bel instrument en \u00e9cole de musique o\u00f9 j&#8217;obtiens le Dipl\u00f4me de Fin d\u2019Etude de clarinette.<\/p>\n<p>Tr\u00e8s t\u00f4t d\u00e9j\u00e0, j&#8217;\u00e9prouve un grand int\u00e9r\u00eat pour les relations humaines et les diff\u00e9rentes cultures, ce qui me donne envie d\u2019\u00e9tudier les langues \u00e9trang\u00e8res, en particulier l\u2019anglais, qui m\u2019am\u00e8ne \u00e0 s\u00e9journer en Irlande \u00e0 plusieurs reprises.<\/p>\n<p>Les al\u00e9as de la vie font que l\u2019on laisse son instrument dans son \u00e9tui par manque de temps ou de motivation. Mais la musique se rappelle toujours \u00e0 votre bon souvenir. C\u2019est apr\u00e8s avoir travaill\u00e9 dans le domaine de l\u2019\u00e9v\u00e9nementiel puis l&#8217;industrie biopharmaceutique qu\u2019est n\u00e9e l\u2019envie de renouer avec ce qui me fait vibrer et d\u2019employer la musique comme instrument de soin. De la musique pour aller au-del\u00e0 des mots, et des maux. J&#8217;ai ainsi int\u00e9gr\u00e9 le <a href=\"https:\/\/www.centre-europeen-musical.com\">Centre Europ\u00e9en Musical Alain Carr\u00e9<\/a> o\u00f9 j&#8217;ai appris combien la musique \u00e9tait \u00e0 ce point n\u00e9cessaire.<\/p>\n<p>C\u2019est avec une immense joie que je vous propose de vous accompagner sur le chemin de la musique\u2026<\/p>\n<p>Que la musique soit, et que la joie demeure.<\/p>\n<p>Aude[\/vc_column_text]<\/div><\/div>\r\n\t\t<\/div><!-- \/.sc_promo_text --><\/div><!-- \/.sc_promo -->[vc_empty_space height=&#8221;76px&#8221; alter_height=&#8221;none&#8221; hide_on_desktop=&#8221;&#8221; hide_on_notebook=&#8221;1&#8243; hide_on_tablet=&#8221;1&#8243; hide_on_mobile=&#8221;1&#8243;][vc_empty_space height=&#8221;36px&#8221; alter_height=&#8221;none&#8221; hide_on_desktop=&#8221;1&#8243; hide_on_notebook=&#8221;&#8221; hide_on_tablet=&#8221;&#8221; hide_on_mobile=&#8221;1&#8243;][\/vc_column_inner][\/vc_row_inner]<\/div><\/div><!-- \/.sc_content -->[vc_empty_space height=&#8221;64px&#8221; alter_height=&#8221;none&#8221; hide_on_desktop=&#8221;&#8221; hide_on_notebook=&#8221;1&#8243; hide_on_tablet=&#8221;1&#8243; hide_on_mobile=&#8221;1&#8243;][vc_empty_space height=&#8221;24px&#8221; alter_height=&#8221;none&#8221; hide_on_desktop=&#8221;1&#8243; hide_on_notebook=&#8221;&#8221; hide_on_tablet=&#8221;1&#8243; hide_on_mobile=&#8221;1&#8243;][vc_empty_space height=&#8221;28px&#8221; alter_height=&#8221;none&#8221; hide_on_desktop=&#8221;1&#8243; hide_on_notebook=&#8221;1&#8243; hide_on_tablet=&#8221;&#8221; hide_on_mobile=&#8221;1&#8243;][vc_empty_space height=&#8221;50px&#8221; alter_height=&#8221;none&#8221; hide_on_desktop=&#8221;1&#8243; hide_on_notebook=&#8221;1&#8243; hide_on_tablet=&#8221;1&#8243; hide_on_mobile=&#8221;&#8221;][\/vc_column][\/vc_row]<\/p>\n","protected":false},"excerpt":{"rendered":"<p>[vc_row][vc_column icons_position=&#8221;left&#8221;][vc_empty_space height=&#8221;64px&#8221; alter_height=&#8221;none&#8221; hide_on_desktop=&#8221;&#8221; hide_on_notebook=&#8221;1&#8243; hide_on_tablet=&#8221;1&#8243; hide_on_mobile=&#8221;1&#8243;][vc_empty_space height=&#8221;24px&#8221; alter_height=&#8221;none&#8221; hide_on_desktop=&#8221;1&#8243; hide_on_notebook=&#8221;&#8221; hide_on_tablet=&#8221;1&#8243; hide_on_mobile=&#8221;1&#8243;][vc_empty_space height=&#8221;28px&#8221; alter_height=&#8221;none&#8221; hide_on_desktop=&#8221;1&#8243; hide_on_notebook=&#8221;1&#8243; hide_on_tablet=&#8221;&#8221; hide_on_mobile=&#8221;1&#8243;][vc_empty_space height=&#8221;50px&#8221; alter_height=&#8221;none&#8221; hide_on_desktop=&#8221;1&#8243; hide_on_notebook=&#8221;1&#8243; hide_on_tablet=&#8221;1&#8243; hide_on_mobile=&#8221;&#8221;][\/vc_column][\/vc_row]<\/p>\n","protected":false},"author":1,"featured_media":0,"parent":0,"menu_order":0,"comment_status":"closed","ping_status":"closed","template":"","meta":{"om_disable_all_campaigns":false,"_monsterinsights_skip_tracking":false,"_monsterinsights_sitenote_active":false,"_monsterinsights_sitenote_note":"","_monsterinsights_sitenote_category":0,"footnotes":""},"class_list":["post-102","page","type-page","status-publish","hentry"],"aioseo_notices":[],"_links":{"self":[{"href":"https:\/\/audesaillard.com\/index.php?rest_route=\/wp\/v2\/pages\/102","targetHints":{"allow":["GET"]}}],"collection":[{"href":"https:\/\/audesaillard.com\/index.php?rest_route=\/wp\/v2\/pages"}],"about":[{"href":"https:\/\/audesaillard.com\/index.php?rest_route=\/wp\/v2\/types\/page"}],"author":[{"embeddable":true,"href":"https:\/\/audesaillard.com\/index.php?rest_route=\/wp\/v2\/users\/1"}],"replies":[{"embeddable":true,"href":"https:\/\/audesaillard.com\/index.php?rest_route=%2Fwp%2Fv2%2Fcomments&post=102"}],"version-history":[{"count":37,"href":"https:\/\/audesaillard.com\/index.php?rest_route=\/wp\/v2\/pages\/102\/revisions"}],"predecessor-version":[{"id":1897,"href":"https:\/\/audesaillard.com\/index.php?rest_route=\/wp\/v2\/pages\/102\/revisions\/1897"}],"wp:attachment":[{"href":"https:\/\/audesaillard.com\/index.php?rest_route=%2Fwp%2Fv2%2Fmedia&parent=102"}],"curies":[{"name":"wp","href":"https:\/\/api.w.org\/{rel}","templated":true}]}}