{"id":100,"date":"2017-10-30T15:19:00","date_gmt":"2017-10-30T14:19:00","guid":{"rendered":"https:\/\/audesaillard.com\/?page_id=100"},"modified":"2022-06-03T10:41:07","modified_gmt":"2022-06-03T09:41:07","slug":"page-prestations","status":"publish","type":"page","link":"https:\/\/audesaillard.com\/?page_id=100","title":{"rendered":"PRESTATIONS"},"content":{"rendered":"<p>[vc_row][vc_column width=&#8221;1\/4&#8243; icons_position=&#8221;left&#8221; offset=&#8221;vc_hidden-sm vc_hidden-xs&#8221;][\/vc_column][vc_column icons_position=&#8221;left&#8221; offset=&#8221;vc_col-md-6&#8243;][vc_empty_space height=&#8221;115px&#8221; alter_height=&#8221;none&#8221; hide_on_desktop=&#8221;&#8221; hide_on_notebook=&#8221;1&#8243; hide_on_tablet=&#8221;1&#8243; hide_on_mobile=&#8221;1&#8243;][vc_empty_space height=&#8221;80px&#8221; alter_height=&#8221;none&#8221; hide_on_desktop=&#8221;1&#8243; hide_on_notebook=&#8221;&#8221; hide_on_tablet=&#8221;&#8221; hide_on_mobile=&#8221;1&#8243;][vc_empty_space height=&#8221;50px&#8221; alter_height=&#8221;none&#8221; hide_on_desktop=&#8221;1&#8243; hide_on_notebook=&#8221;1&#8243; hide_on_tablet=&#8221;1&#8243; hide_on_mobile=&#8221;&#8221;]<div id=\"sc_title_1703849825\"\r\n\t\tclass=\"sc_title color_style_default sc_title_default\"><h3 class=\"sc_item_title sc_title_title sc_align_center sc_item_title_style_default\">Mes prestations<\/h3><h6 class=\"sc_item_subtitle sc_title_subtitle sc_align_center sc_item_title_style_default\">ou comment apporter du soin avec la musique<\/h6><\/div><!-- \/.sc_title -->[vc_icon icon_fontawesome=&#8221;icon-003_chat&#8221; color=&#8221;custom&#8221; align=&#8221;center&#8221; el_class=&#8221;icon-decorate&#8221;][vc_column_text]<\/p>\n<h5 style=\"text-align: center;\"><a href=\"mailto:contact@audesaillard.com\" target=\"_blank\" rel=\"noopener noreferrer\">contact@audesaillard.com<\/a><\/h5>\n<p>[\/vc_column_text][vc_empty_space height=&#8221;50px&#8221; alter_height=&#8221;none&#8221; hide_on_desktop=&#8221;1&#8243; hide_on_notebook=&#8221;1&#8243; hide_on_tablet=&#8221;1&#8243; hide_on_mobile=&#8221;&#8221;][vc_empty_space height=&#8221;80px&#8221; alter_height=&#8221;none&#8221; hide_on_desktop=&#8221;1&#8243; hide_on_notebook=&#8221;&#8221; hide_on_tablet=&#8221;&#8221; hide_on_mobile=&#8221;1&#8243;][vc_empty_space height=&#8221;115px&#8221; alter_height=&#8221;none&#8221; hide_on_desktop=&#8221;&#8221; hide_on_notebook=&#8221;1&#8243; hide_on_tablet=&#8221;1&#8243; hide_on_mobile=&#8221;1&#8243;][\/vc_column][\/vc_row][vc_row][vc_column icons_position=&#8221;left&#8221;]<div id=\"sc_services_939288889\" class=\"sc_services color_style_default sc_services_modern sc_services_featured_top\"><div class=\"sc_services_columns_wrap sc_item_columns sc_item_columns_6 trx_addons_columns_wrap columns_padding_bottom no_margin\"><div class=\"trx_addons_column-1_3\"><div class=\"sc_services_item without_content with_image sc_services_item_featured_top\">\n\t<div class=\"post_featured with_thumb hover_dots sc_services_item_thumb\"><img loading=\"lazy\" decoding=\"async\" width=\"405\" height=\"270\" src=\"https:\/\/audesaillard.com\/wp-content\/uploads\/2017\/10\/jeune-en-fauteuil-jouant-ukulele-405x270.jpg\" class=\"attachment-pathwell-thumb-related size-pathwell-thumb-related wp-post-image\" alt=\"\" \/><div class=\"mask\"><\/div><a href=\"https:\/\/audesaillard.com\/?cpt_services=musique-et-handicap\" aria-hidden=\"true\" class=\"icons\"><span><\/span><span><\/span><span><\/span><\/a><\/div>\t\n\t<!-- <div class=\"sc_services_item_info\"> -->\n\t\t<div class=\"sc_services_item_header\">\n\t\t\t<h4 class=\"sc_services_item_title\"><a href=\"https:\/\/audesaillard.com\/?cpt_services=musique-et-handicap\">Musique et situation de handicap<\/a><\/h4>\n\t\t\t<!--<div class=\"sc_services_item_subtitle\"><\/div>-->\n\t\t<\/div>\n\t\t\t<!-- <\/div> -->\n<\/div>\n<\/div><div class=\"trx_addons_column-1_3\"><div class=\"sc_services_item without_content with_image sc_services_item_featured_top\">\n\t<div class=\"post_featured with_thumb hover_dots sc_services_item_thumb\"><img loading=\"lazy\" decoding=\"async\" width=\"405\" height=\"270\" src=\"https:\/\/audesaillard.com\/wp-content\/uploads\/2022\/04\/personnes-agees-dansant-405x270.jpg\" class=\"attachment-pathwell-thumb-related size-pathwell-thumb-related wp-post-image\" alt=\"Personnes \u00e2g\u00e9es en institution sp\u00e9cialis\u00e9e dansent en musique\" srcset=\"https:\/\/audesaillard.com\/wp-content\/uploads\/2022\/04\/personnes-agees-dansant-405x270.jpg 405w, https:\/\/audesaillard.com\/wp-content\/uploads\/2022\/04\/personnes-agees-dansant-300x200.jpg 300w, https:\/\/audesaillard.com\/wp-content\/uploads\/2022\/04\/personnes-agees-dansant-1024x684.jpg 1024w, https:\/\/audesaillard.com\/wp-content\/uploads\/2022\/04\/personnes-agees-dansant-768x513.jpg 768w, https:\/\/audesaillard.com\/wp-content\/uploads\/2022\/04\/personnes-agees-dansant-1536x1025.jpg 1536w, https:\/\/audesaillard.com\/wp-content\/uploads\/2022\/04\/personnes-agees-dansant-2048x1367.jpg 2048w, https:\/\/audesaillard.com\/wp-content\/uploads\/2022\/04\/personnes-agees-dansant-370x247.jpg 370w, https:\/\/audesaillard.com\/wp-content\/uploads\/2022\/04\/personnes-agees-dansant-760x507.jpg 760w\" sizes=\"auto, (max-width: 405px) 100vw, 405px\" \/><div class=\"mask\"><\/div><a href=\"https:\/\/audesaillard.com\/?cpt_services=musique-et-personnes-agees\" aria-hidden=\"true\" class=\"icons\"><span><\/span><span><\/span><span><\/span><\/a><\/div>\t\n\t<!-- <div class=\"sc_services_item_info\"> -->\n\t\t<div class=\"sc_services_item_header\">\n\t\t\t<h4 class=\"sc_services_item_title\"><a href=\"https:\/\/audesaillard.com\/?cpt_services=musique-et-personnes-agees\">Musique et personnes \u00e2g\u00e9es<\/a><\/h4>\n\t\t\t<!--<div class=\"sc_services_item_subtitle\"><\/div>-->\n\t\t<\/div>\n\t\t\t<!-- <\/div> -->\n<\/div>\n<\/div><div class=\"trx_addons_column-1_3\"><div class=\"sc_services_item without_content with_image sc_services_item_featured_top\">\n\t<div class=\"post_featured with_thumb hover_dots sc_services_item_thumb\"><img loading=\"lazy\" decoding=\"async\" width=\"405\" height=\"270\" src=\"https:\/\/audesaillard.com\/wp-content\/uploads\/2022\/04\/Eveil-musical-405x270.jpg\" class=\"attachment-pathwell-thumb-related size-pathwell-thumb-related wp-post-image\" alt=\"\" srcset=\"https:\/\/audesaillard.com\/wp-content\/uploads\/2022\/04\/Eveil-musical-405x270.jpg 405w, https:\/\/audesaillard.com\/wp-content\/uploads\/2022\/04\/Eveil-musical-300x200.jpg 300w, https:\/\/audesaillard.com\/wp-content\/uploads\/2022\/04\/Eveil-musical-1024x683.jpg 1024w, https:\/\/audesaillard.com\/wp-content\/uploads\/2022\/04\/Eveil-musical-768x512.jpg 768w, https:\/\/audesaillard.com\/wp-content\/uploads\/2022\/04\/Eveil-musical-1536x1024.jpg 1536w, https:\/\/audesaillard.com\/wp-content\/uploads\/2022\/04\/Eveil-musical-2048x1365.jpg 2048w, https:\/\/audesaillard.com\/wp-content\/uploads\/2022\/04\/Eveil-musical-370x247.jpg 370w, https:\/\/audesaillard.com\/wp-content\/uploads\/2022\/04\/Eveil-musical-760x507.jpg 760w\" sizes=\"auto, (max-width: 405px) 100vw, 405px\" \/><div class=\"mask\"><\/div><a href=\"https:\/\/audesaillard.com\/?cpt_services=eveil-musical\" aria-hidden=\"true\" class=\"icons\"><span><\/span><span><\/span><span><\/span><\/a><\/div>\t\n\t<!-- <div class=\"sc_services_item_info\"> -->\n\t\t<div class=\"sc_services_item_header\">\n\t\t\t<h4 class=\"sc_services_item_title\"><a href=\"https:\/\/audesaillard.com\/?cpt_services=eveil-musical\">Eveil musical<\/a><\/h4>\n\t\t\t<!--<div class=\"sc_services_item_subtitle\"><\/div>-->\n\t\t<\/div>\n\t\t\t<!-- <\/div> -->\n<\/div>\n<\/div><div class=\"trx_addons_column-1_3\"><div class=\"sc_services_item without_content with_image sc_services_item_featured_top\">\n\t<div class=\"post_featured with_thumb hover_dots sc_services_item_thumb\"><img loading=\"lazy\" decoding=\"async\" width=\"405\" height=\"270\" src=\"https:\/\/audesaillard.com\/wp-content\/uploads\/2022\/04\/doigts-sur-guitare-405x270.jpg\" class=\"attachment-pathwell-thumb-related size-pathwell-thumb-related wp-post-image\" alt=\"\" srcset=\"https:\/\/audesaillard.com\/wp-content\/uploads\/2022\/04\/doigts-sur-guitare-405x270.jpg 405w, https:\/\/audesaillard.com\/wp-content\/uploads\/2022\/04\/doigts-sur-guitare-300x200.jpg 300w, https:\/\/audesaillard.com\/wp-content\/uploads\/2022\/04\/doigts-sur-guitare-1024x683.jpg 1024w, https:\/\/audesaillard.com\/wp-content\/uploads\/2022\/04\/doigts-sur-guitare-768x512.jpg 768w, https:\/\/audesaillard.com\/wp-content\/uploads\/2022\/04\/doigts-sur-guitare-1536x1024.jpg 1536w, https:\/\/audesaillard.com\/wp-content\/uploads\/2022\/04\/doigts-sur-guitare-2048x1365.jpg 2048w, https:\/\/audesaillard.com\/wp-content\/uploads\/2022\/04\/doigts-sur-guitare-370x247.jpg 370w, https:\/\/audesaillard.com\/wp-content\/uploads\/2022\/04\/doigts-sur-guitare-760x507.jpg 760w\" sizes=\"auto, (max-width: 405px) 100vw, 405px\" \/><div class=\"mask\"><\/div><a href=\"https:\/\/audesaillard.com\/?cpt_services=musicotherapie\" aria-hidden=\"true\" class=\"icons\"><span><\/span><span><\/span><span><\/span><\/a><\/div>\t\n\t<!-- <div class=\"sc_services_item_info\"> -->\n\t\t<div class=\"sc_services_item_header\">\n\t\t\t<h4 class=\"sc_services_item_title\"><a href=\"https:\/\/audesaillard.com\/?cpt_services=musicotherapie\">Musicoth\u00e9rapie<\/a><\/h4>\n\t\t\t<!--<div class=\"sc_services_item_subtitle\"><\/div>-->\n\t\t<\/div>\n\t\t\t<!-- <\/div> -->\n<\/div>\n<\/div><div class=\"trx_addons_column-1_3\"><div class=\"sc_services_item without_content with_image sc_services_item_featured_top\">\n\t<div class=\"post_featured with_thumb hover_dots sc_services_item_thumb\"><img loading=\"lazy\" decoding=\"async\" width=\"405\" height=\"270\" src=\"https:\/\/audesaillard.com\/wp-content\/uploads\/2017\/10\/Steel-drum-405x270.jpg\" class=\"attachment-pathwell-thumb-related size-pathwell-thumb-related wp-post-image\" alt=\"\" srcset=\"https:\/\/audesaillard.com\/wp-content\/uploads\/2017\/10\/Steel-drum-405x270.jpg 405w, https:\/\/audesaillard.com\/wp-content\/uploads\/2017\/10\/Steel-drum-300x200.jpg 300w, https:\/\/audesaillard.com\/wp-content\/uploads\/2017\/10\/Steel-drum-1024x683.jpg 1024w, https:\/\/audesaillard.com\/wp-content\/uploads\/2017\/10\/Steel-drum-768x513.jpg 768w, https:\/\/audesaillard.com\/wp-content\/uploads\/2017\/10\/Steel-drum-1536x1025.jpg 1536w, https:\/\/audesaillard.com\/wp-content\/uploads\/2017\/10\/Steel-drum-2048x1367.jpg 2048w, https:\/\/audesaillard.com\/wp-content\/uploads\/2017\/10\/Steel-drum-370x247.jpg 370w, https:\/\/audesaillard.com\/wp-content\/uploads\/2017\/10\/Steel-drum-760x507.jpg 760w\" sizes=\"auto, (max-width: 405px) 100vw, 405px\" \/><div class=\"mask\"><\/div><a href=\"https:\/\/audesaillard.com\/?cpt_services=relaxation-musicale\" aria-hidden=\"true\" class=\"icons\"><span><\/span><span><\/span><span><\/span><\/a><\/div>\t\n\t<!-- <div class=\"sc_services_item_info\"> -->\n\t\t<div class=\"sc_services_item_header\">\n\t\t\t<h4 class=\"sc_services_item_title\"><a href=\"https:\/\/audesaillard.com\/?cpt_services=relaxation-musicale\">Relaxation musicale<\/a><\/h4>\n\t\t\t<!--<div class=\"sc_services_item_subtitle\"><\/div>-->\n\t\t<\/div>\n\t\t\t<!-- <\/div> -->\n<\/div>\n<\/div><div class=\"trx_addons_column-1_3\"><div class=\"sc_services_item without_content with_image sc_services_item_featured_top\">\n\t<div class=\"post_featured with_thumb hover_dots sc_services_item_thumb\"><img loading=\"lazy\" decoding=\"async\" width=\"405\" height=\"270\" src=\"https:\/\/audesaillard.com\/wp-content\/uploads\/2017\/10\/music-is-the-answer-405x270.jpg\" class=\"attachment-pathwell-thumb-related size-pathwell-thumb-related wp-post-image\" alt=\"\" \/><div class=\"mask\"><\/div><a href=\"https:\/\/audesaillard.com\/?cpt_services=explorations-et-collaborations\" aria-hidden=\"true\" class=\"icons\"><span><\/span><span><\/span><span><\/span><\/a><\/div>\t\n\t<!-- <div class=\"sc_services_item_info\"> -->\n\t\t<div class=\"sc_services_item_header\">\n\t\t\t<h4 class=\"sc_services_item_title\"><a href=\"https:\/\/audesaillard.com\/?cpt_services=explorations-et-collaborations\">Explorations et collaborations<\/a><\/h4>\n\t\t\t<!--<div class=\"sc_services_item_subtitle\"><\/div>-->\n\t\t<\/div>\n\t\t\t<!-- <\/div> -->\n<\/div>\n<\/div><\/div><\/div><!-- \/.sc_services -->[\/vc_column][\/vc_row][vc_row][vc_column icons_position=&#8221;left&#8221;][vc_empty_space height=&#8221;90px&#8221; alter_height=&#8221;none&#8221; hide_on_desktop=&#8221;&#8221; hide_on_notebook=&#8221;1&#8243; hide_on_tablet=&#8221;1&#8243; hide_on_mobile=&#8221;1&#8243;][vc_empty_space height=&#8221;50px&#8221; alter_height=&#8221;none&#8221; hide_on_desktop=&#8221;1&#8243; hide_on_notebook=&#8221;&#8221; hide_on_tablet=&#8221;&#8221; hide_on_mobile=&#8221;1&#8243;][vc_empty_space height=&#8221;20px&#8221; alter_height=&#8221;none&#8221; hide_on_desktop=&#8221;1&#8243; hide_on_notebook=&#8221;1&#8243; hide_on_tablet=&#8221;1&#8243; hide_on_mobile=&#8221;&#8221;][\/vc_column][\/vc_row][vc_row full_width=&#8221;stretch_row&#8221; extra_bg_mask=&#8221;7&#8243; hide_bg_image_on_tablet=&#8221;&#8221; hide_bg_image_on_mobile=&#8221;&#8221; row_delimiter=&#8221;&#8221; hide_on_desktop=&#8221;&#8221; hide_on_notebook=&#8221;&#8221; hide_on_tablet=&#8221;&#8221; hide_on_mobile=&#8221;&#8221; hide_on_frontpage=&#8221;&#8221; css=&#8221;.vc_custom_1652451023999{background-size: cover !important;}&#8221;][vc_column width=&#8221;1\/4&#8243; icons_position=&#8221;left&#8221; offset=&#8221;vc_hidden-sm vc_hidden-xs&#8221;][\/vc_column][vc_column fix_column=&#8221;&#8221; hide_bg_image_on_tablet=&#8221;&#8221; hide_bg_image_on_mobile=&#8221;&#8221; column_align=&#8221;center&#8221; icons_position=&#8221;left&#8221; offset=&#8221;vc_col-md-6&#8243;][vc_empty_space height=&#8221;220px&#8221; alter_height=&#8221;none&#8221; hide_on_desktop=&#8221;&#8221; hide_on_notebook=&#8221;1&#8243; hide_on_tablet=&#8221;1&#8243; hide_on_mobile=&#8221;1&#8243;][vc_empty_space height=&#8221;80px&#8221; alter_height=&#8221;none&#8221; hide_on_desktop=&#8221;1&#8243; hide_on_notebook=&#8221;&#8221; hide_on_tablet=&#8221;&#8221; hide_on_mobile=&#8221;1&#8243;][vc_empty_space height=&#8221;50px&#8221; alter_height=&#8221;none&#8221; hide_on_desktop=&#8221;1&#8243; hide_on_notebook=&#8221;1&#8243; hide_on_tablet=&#8221;1&#8243; hide_on_mobile=&#8221;&#8221;][vc_empty_space height=&#8221;50px&#8221; alter_height=&#8221;none&#8221; hide_on_desktop=&#8221;1&#8243; hide_on_notebook=&#8221;1&#8243; hide_on_tablet=&#8221;1&#8243; hide_on_mobile=&#8221;&#8221;][vc_empty_space height=&#8221;80px&#8221; alter_height=&#8221;none&#8221; hide_on_desktop=&#8221;1&#8243; hide_on_notebook=&#8221;&#8221; hide_on_tablet=&#8221;&#8221; hide_on_mobile=&#8221;1&#8243;][vc_empty_space height=&#8221;117px&#8221; alter_height=&#8221;none&#8221; hide_on_desktop=&#8221;&#8221; hide_on_notebook=&#8221;1&#8243; hide_on_tablet=&#8221;1&#8243; hide_on_mobile=&#8221;1&#8243;][\/vc_column][vc_column width=&#8221;1\/4&#8243; icons_position=&#8221;left&#8221; offset=&#8221;vc_hidden-sm vc_hidden-xs&#8221;][\/vc_column][\/vc_row]<\/p>\n","protected":false},"excerpt":{"rendered":"<p>[vc_row][vc_column width=&#8221;1\/4&#8243; icons_position=&#8221;left&#8221; offset=&#8221;vc_hidden-sm vc_hidden-xs&#8221;][\/vc_column][vc_column icons_position=&#8221;left&#8221; offset=&#8221;vc_col-md-6&#8243;][vc_empty_space height=&#8221;115px&#8221; alter_height=&#8221;none&#8221; hide_on_desktop=&#8221;&#8221; hide_on_notebook=&#8221;1&#8243; hide_on_tablet=&#8221;1&#8243; hide_on_mobile=&#8221;1&#8243;][vc_empty_space height=&#8221;80px&#8221; alter_height=&#8221;none&#8221; hide_on_desktop=&#8221;1&#8243; hide_on_notebook=&#8221;&#8221; hide_on_tablet=&#8221;&#8221; hide_on_mobile=&#8221;1&#8243;][vc_empty_space height=&#8221;50px&#8221; alter_height=&#8221;none&#8221; hide_on_desktop=&#8221;1&#8243; hide_on_notebook=&#8221;1&#8243; hide_on_tablet=&#8221;1&#8243; hide_on_mobile=&#8221;&#8221;][vc_icon icon_fontawesome=&#8221;icon-003_chat&#8221; color=&#8221;custom&#8221; align=&#8221;center&#8221; el_class=&#8221;icon-decorate&#8221;][vc_column_text] contact@audesaillard.com [\/vc_column_text][vc_empty_space height=&#8221;50px&#8221; alter_height=&#8221;none&#8221; hide_on_desktop=&#8221;1&#8243; hide_on_notebook=&#8221;1&#8243; hide_on_tablet=&#8221;1&#8243; hide_on_mobile=&#8221;&#8221;][vc_empty_space height=&#8221;80px&#8221; alter_height=&#8221;none&#8221; hide_on_desktop=&#8221;1&#8243;&hellip;<\/p>\n","protected":false},"author":1,"featured_media":0,"parent":0,"menu_order":0,"comment_status":"closed","ping_status":"closed","template":"","meta":{"om_disable_all_campaigns":false,"_monsterinsights_skip_tracking":false,"_monsterinsights_sitenote_active":false,"_monsterinsights_sitenote_note":"","_monsterinsights_sitenote_category":0,"footnotes":""},"class_list":["post-100","page","type-page","status-publish","hentry"],"aioseo_notices":[],"_links":{"self":[{"href":"https:\/\/audesaillard.com\/index.php?rest_route=\/wp\/v2\/pages\/100","targetHints":{"allow":["GET"]}}],"collection":[{"href":"https:\/\/audesaillard.com\/index.php?rest_route=\/wp\/v2\/pages"}],"about":[{"href":"https:\/\/audesaillard.com\/index.php?rest_route=\/wp\/v2\/types\/page"}],"author":[{"embeddable":true,"href":"https:\/\/audesaillard.com\/index.php?rest_route=\/wp\/v2\/users\/1"}],"replies":[{"embeddable":true,"href":"https:\/\/audesaillard.com\/index.php?rest_route=%2Fwp%2Fv2%2Fcomments&post=100"}],"version-history":[{"count":19,"href":"https:\/\/audesaillard.com\/index.php?rest_route=\/wp\/v2\/pages\/100\/revisions"}],"predecessor-version":[{"id":1853,"href":"https:\/\/audesaillard.com\/index.php?rest_route=\/wp\/v2\/pages\/100\/revisions\/1853"}],"wp:attachment":[{"href":"https:\/\/audesaillard.com\/index.php?rest_route=%2Fwp%2Fv2%2Fmedia&parent=100"}],"curies":[{"name":"wp","href":"https:\/\/api.w.org\/{rel}","templated":true}]}}